{"id":113,"date":"2025-06-30T18:27:20","date_gmt":"2025-06-30T18:27:20","guid":{"rendered":"https:\/\/anamurceylanotokurtarma.com.tr\/?page_id=113"},"modified":"2025-06-30T18:27:20","modified_gmt":"2025-06-30T18:27:20","slug":"hakkimizda","status":"publish","type":"page","link":"https:\/\/anamurceylanotokurtarma.com.tr\/index.php\/hakkimizda\/","title":{"rendered":"HAKKIMIZDA"},"content":{"rendered":"\n<h2 class=\"wp-block-heading\">Anamur Ceylan Oto Kurtarma<\/h2>\n\n\n\n\n\n<p><a href=\"https:\/\/anamurceylanotokurtarma.com.tr\/\">Oto kurtarma -\u00c7ekici<\/a>\u00a0sekt\u00f6r\u00fcnde hizmet veren firmam\u0131z\u00a0 Anamur ve \u00e7evresinde yolda kalan ara\u00e7lar\u0131n oto kurtarma hizmetlerini vermektedir.<br>Anamur Ceylan Oto Kurtarma olarak firmam\u0131z, 24 saat esas\u0131na g\u00f6re kesintisiz olarak faaliyet g\u00f6stermektedir. Anamur ve \u00e7evre il\u00e7elerde yolda kalman\u0131z durumunda firmam\u0131z\u0131 diledi\u011finiz bir zaman diliminde arayabilir, oto kurtarma hizmetlerimizden faydalanabilirsiniz. <\/p>\n\n\n\n\n\n<p>Sezgin CEYLAN \u2013<strong>0536 865 4730<\/strong><\/p>\n","protected":false},"excerpt":{"rendered":"<p>Anamur Ceylan Oto Kurtarma Oto kurtarma -\u00c7ekici\u00a0sekt\u00f6r\u00fcnde hizmet veren firmam\u0131z\u00a0 Anamur ve \u00e7evresinde yolda kalan ara\u00e7lar\u0131n oto kurtarma hizmetlerini vermektedir.Anamur Ceylan Oto Kurtarma olarak firmam\u0131z, 24 saat esas\u0131na g\u00f6re kesintisiz olarak faaliyet g\u00f6stermektedir. Anamur ve \u00e7evre il\u00e7elerde yolda kalman\u0131z durumunda firmam\u0131z\u0131 diledi\u011finiz bir zaman diliminde arayabilir, oto kurtarma hizmetlerimizden faydalanabilirsiniz. Sezgin CEYLAN \u20130536 865 4730<\/p>\n","protected":false},"author":1,"featured_media":0,"parent":0,"menu_order":0,"comment_status":"closed","ping_status":"closed","template":"","meta":{"saved_in_kubio":false,"footnotes":""},"class_list":["post-113","page","type-page","status-publish","hentry"],"kubio_ai_page_context":{"short_desc":"","purpose":"general"},"_links":{"self":[{"href":"https:\/\/anamurceylanotokurtarma.com.tr\/index.php\/wp-json\/wp\/v2\/pages\/113","targetHints":{"allow":["GET"]}}],"collection":[{"href":"https:\/\/anamurceylanotokurtarma.com.tr\/index.php\/wp-json\/wp\/v2\/pages"}],"about":[{"href":"https:\/\/anamurceylanotokurtarma.com.tr\/index.php\/wp-json\/wp\/v2\/types\/page"}],"author":[{"embeddable":true,"href":"https:\/\/anamurceylanotokurtarma.com.tr\/index.php\/wp-json\/wp\/v2\/users\/1"}],"replies":[{"embeddable":true,"href":"https:\/\/anamurceylanotokurtarma.com.tr\/index.php\/wp-json\/wp\/v2\/comments?post=113"}],"version-history":[{"count":1,"href":"https:\/\/anamurceylanotokurtarma.com.tr\/index.php\/wp-json\/wp\/v2\/pages\/113\/revisions"}],"predecessor-version":[{"id":114,"href":"https:\/\/anamurceylanotokurtarma.com.tr\/index.php\/wp-json\/wp\/v2\/pages\/113\/revisions\/114"}],"wp:attachment":[{"href":"https:\/\/anamurceylanotokurtarma.com.tr\/index.php\/wp-json\/wp\/v2\/media?parent=113"}],"curies":[{"name":"wp","href":"https:\/\/api.w.org\/{rel}","templated":true}]}}