{"id":71,"date":"2025-06-30T14:32:20","date_gmt":"2025-06-30T14:32:20","guid":{"rendered":"https:\/\/anamurceylanotokurtarma.com.tr\/index.php\/front_page\/"},"modified":"2025-06-30T19:36:41","modified_gmt":"2025-06-30T19:36:41","slug":"front_page","status":"publish","type":"page","link":"https:\/\/anamurceylanotokurtarma.com.tr\/","title":{"rendered":"Home"},"content":{"rendered":"\n\n\n\n\n<p class=\"has-kubio-color-6-color has-text-color has-link-color wp-elements-6b3589c1f73ef145278e261e91fa32ec\"><strong><strong>\u201cAnamur Ceylan Oto Kurtarma\u201d<\/strong>&nbsp;firmam\u0131z, \u00e7ekici, yol yard\u0131m ve oto kurtarma konular\u0131nda profesyonel olarak m\u00fc\u015fterilerimize hizmetler vermektedir.<\/strong><\/p>\n\n\n\n\n\n\n","protected":false},"excerpt":{"rendered":"<p>\u201cAnamur Ceylan Oto Kurtarma\u201d&nbsp;firmam\u0131z, \u00e7ekici, yol yard\u0131m ve oto kurtarma konular\u0131nda profesyonel olarak m\u00fc\u015fterilerimize hizmetler vermektedir.<\/p>\n","protected":false},"author":1,"featured_media":0,"parent":0,"menu_order":0,"comment_status":"closed","ping_status":"closed","template":"","meta":{"saved_in_kubio":true,"footnotes":""},"class_list":["post-71","page","type-page","status-publish","hentry"],"kubio_ai_page_context":{"short_desc":"","purpose":"general"},"_links":{"self":[{"href":"https:\/\/anamurceylanotokurtarma.com.tr\/index.php\/wp-json\/wp\/v2\/pages\/71","targetHints":{"allow":["GET"]}}],"collection":[{"href":"https:\/\/anamurceylanotokurtarma.com.tr\/index.php\/wp-json\/wp\/v2\/pages"}],"about":[{"href":"https:\/\/anamurceylanotokurtarma.com.tr\/index.php\/wp-json\/wp\/v2\/types\/page"}],"author":[{"embeddable":true,"href":"https:\/\/anamurceylanotokurtarma.com.tr\/index.php\/wp-json\/wp\/v2\/users\/1"}],"replies":[{"embeddable":true,"href":"https:\/\/anamurceylanotokurtarma.com.tr\/index.php\/wp-json\/wp\/v2\/comments?post=71"}],"version-history":[{"count":10,"href":"https:\/\/anamurceylanotokurtarma.com.tr\/index.php\/wp-json\/wp\/v2\/pages\/71\/revisions"}],"predecessor-version":[{"id":127,"href":"https:\/\/anamurceylanotokurtarma.com.tr\/index.php\/wp-json\/wp\/v2\/pages\/71\/revisions\/127"}],"wp:attachment":[{"href":"https:\/\/anamurceylanotokurtarma.com.tr\/index.php\/wp-json\/wp\/v2\/media?parent=71"}],"curies":[{"name":"wp","href":"https:\/\/api.w.org\/{rel}","templated":true}]}}